{"id":21051,"date":"2023-08-16T07:13:49","date_gmt":"2023-08-16T07:13:49","guid":{"rendered":"https:\/\/ccoin.ca\/condiciones-del-plazo\/"},"modified":"2025-10-20T20:25:36","modified_gmt":"2025-10-20T20:25:36","slug":"condiciones-del-plazo","status":"publish","type":"page","link":"https:\/\/ccoin.ca\/es\/condiciones-del-plazo\/","title":{"rendered":"Prensa y medios de comunicaci\u00f3n"},"content":{"rendered":"<div class=\"wpb-content-wrapper\"><p>[vc_row][vc_column][vc_column_text css=&#8221;&#8221;]<\/p>\n<div style=\"background-color: #000; padding: 20px; border-radius: 8px;\">\n<h3 style=\"color: #7f3ecf;\">CCOIN se asocia con el Grupo Tree House<\/h3>\n<p style=\"color: #ffffff;\"><a style=\"color: #7f3ecf; text-decoration: none; font-weight: bold;\" href=\"https:\/\/tree-house.prowly.com\/430229-ccoin-se-asocia-con-tree-house-group-para-redefinir-la-interaccion-con-los-fans-mediante-la-innovacion-en-blockchain\" target=\"_blank\" rel=\"noopener\"><br \/>Asociaci\u00f3n para redefinir la participaci\u00f3n de los fans mediante la innovaci\u00f3n de la cadena de bloques.<br \/><\/a><\/p>\n<\/div>\n<p>[\/vc_column_text][\/vc_column][\/vc_row]<\/p>\n<\/div>","protected":false},"excerpt":{"rendered":"<p>[vc_row][vc_column][vc_column_text css=&#8221;&#8221;] CCOIN se asocia con el Grupo Tree House Asociaci\u00f3n para redefinir la participaci\u00f3n de los fans mediante la innovaci\u00f3n de la cadena de bloques. [&hellip;]<\/p>\n","protected":false},"author":1,"featured_media":23838,"parent":0,"menu_order":0,"comment_status":"closed","ping_status":"closed","template":"","meta":{"_monsterinsights_skip_tracking":false,"_monsterinsights_sitenote_active":false,"_monsterinsights_sitenote_note":"","_monsterinsights_sitenote_category":0,"footnotes":""},"class_list":["post-21051","page","type-page","status-publish","has-post-thumbnail","hentry"],"aioseo_notices":[],"_links":{"self":[{"href":"https:\/\/ccoin.ca\/es\/wp-json\/wp\/v2\/pages\/21051","targetHints":{"allow":["GET"]}}],"collection":[{"href":"https:\/\/ccoin.ca\/es\/wp-json\/wp\/v2\/pages"}],"about":[{"href":"https:\/\/ccoin.ca\/es\/wp-json\/wp\/v2\/types\/page"}],"author":[{"embeddable":true,"href":"https:\/\/ccoin.ca\/es\/wp-json\/wp\/v2\/users\/1"}],"replies":[{"embeddable":true,"href":"https:\/\/ccoin.ca\/es\/wp-json\/wp\/v2\/comments?post=21051"}],"version-history":[{"count":3,"href":"https:\/\/ccoin.ca\/es\/wp-json\/wp\/v2\/pages\/21051\/revisions"}],"predecessor-version":[{"id":23862,"href":"https:\/\/ccoin.ca\/es\/wp-json\/wp\/v2\/pages\/21051\/revisions\/23862"}],"wp:featuredmedia":[{"embeddable":true,"href":"https:\/\/ccoin.ca\/es\/wp-json\/wp\/v2\/media\/23838"}],"wp:attachment":[{"href":"https:\/\/ccoin.ca\/es\/wp-json\/wp\/v2\/media?parent=21051"}],"curies":[{"name":"wp","href":"https:\/\/api.w.org\/{rel}","templated":true}]}}